{"id":9936,"date":"2025-10-28T08:16:26","date_gmt":"2025-10-28T08:16:26","guid":{"rendered":"https:\/\/www.nailsbyshinails.fr\/?page_id=9936"},"modified":"2025-10-28T08:16:26","modified_gmt":"2025-10-28T08:16:26","slug":"nails-by-shinails-centre-de-beaute","status":"publish","type":"page","link":"https:\/\/nailsbyshinails.fr\/?page_id=9936","title":{"rendered":"Nails by Shinails &#8211; Centre de beaut\u00e9"},"content":{"rendered":"\n<div class=\"wp-block-cover\"><span aria-hidden=\"true\" class=\"wp-block-cover__background has-background-dim\" style=\"background-color:#7d5c6c\"><\/span><img decoding=\"async\" class=\"wp-block-cover__image-background wp-image-2347\" alt=\"\" src=\"https:\/\/nailsbyshinails.fr\/wp-content\/uploads\/people-2583493_1920.jpg\" style=\"object-position:51% 40%\" data-object-fit=\"cover\" data-object-position=\"51% 40%\"\/><div class=\"wp-block-cover__inner-container is-layout-constrained wp-block-cover-is-layout-constrained\">\n<p class=\"has-text-align-center has-large-font-size\">Nails by Shinails &#8211; Centre de beaut\u00e9<\/p>\n<\/div><\/div>\n\n\n\n<div style=\"height:42px\" aria-hidden=\"true\" class=\"wp-block-spacer\"><\/div>\n\n\n<div class=\"wp-block-image\">\n<figure class=\"aligncenter size-full is-resized\"><img decoding=\"async\" src=\"https:\/\/nailsbyshinails.fr\/wp-content\/uploads\/Sans-titre-1.png\" alt=\"\" class=\"wp-image-2791\" style=\"width:238px\"\/><\/figure>\n<\/div>\n\n\n<b><p style=\"color: #000000; font-size: 16px; text-align: center;\">\n    Je suis Elodie, dipl\u00f4m\u00e9e proth\u00e9siste ongulaire depuis 2008 de l\u2019\u00e9cole Ema de Reims.\n<br><br>\n    J\u2019ai effectu\u00e9 des formations perfectionnements \u2013 nail art chaque ann\u00e9e et j\u2019ai \u00e9t\u00e9 form\u00e9e par diverses formateurs du monde entier.\n<\/p><\/b>\n\n\n\n<p><\/p>\n\n\n\n<h3 class=\"wp-block-heading has-text-align-center\"><strong>Formation perfectionnement avec Nita Garcia (FRANCE)<\/strong><\/h3>\n\n\n<div class=\"wp-block-image\">\n<figure class=\"aligncenter size-full is-resized\"><img decoding=\"async\" src=\"https:\/\/nailsbyshinails.fr\/wp-content\/uploads\/nikita.jpeg\" alt=\"\" class=\"wp-image-9948\" style=\"width:399px\"\/><\/figure>\n<\/div>\n\n\n<h3 class=\"wp-block-heading has-text-align-center has-medium-font-size\"><strong>Formation nail art mixte avec Maitre&nbsp;Ken (CHINE)<\/strong><\/h3>\n\n\n\n<h3 class=\"wp-block-heading has-text-align-center\"><strong>Formation perfectionnement Flynails (FRANCE)<\/strong><\/h3>\n\n\n<div class=\"wp-block-image\">\n<figure class=\"aligncenter size-full is-resized\"><img decoding=\"async\" src=\"https:\/\/nailsbyshinails.fr\/wp-content\/uploads\/images.png\" alt=\"\" class=\"wp-image-9952\" style=\"width:322px\"\/><\/figure>\n<\/div>\n\n\n<h3 class=\"wp-block-heading has-text-align-center\"><strong>Formation manucure russe \u2013 mini nails avec<\/strong><br><strong>Lana pushkino (RUSSIE)<\/strong><\/h3>\n\n\n<div class=\"wp-block-image\">\n<figure class=\"aligncenter size-full is-resized\"><img decoding=\"async\" src=\"https:\/\/nailsbyshinails.fr\/wp-content\/uploads\/hq720.jpg\" alt=\"\" class=\"wp-image-9953\" style=\"width:399px\"\/><\/figure>\n<\/div>\n\n\n<h3 class=\"wp-block-heading has-text-align-center\"><strong>Formation nail art portrait r\u00e9aliste avec Ada booth (RUSSIE)<\/strong><\/h3>\n\n\n<div class=\"wp-block-image\">\n<figure class=\"aligncenter size-full\"><img decoding=\"async\" src=\"https:\/\/nailsbyshinails.fr\/wp-content\/uploads\/logo-3-389x109-1.png\" alt=\"\" class=\"wp-image-9991\"\/><\/figure>\n<\/div>\n\n\n<h3 class=\"wp-block-heading has-text-align-center\"><strong>Formation manucure russe combin\u00e9e \u2013<\/strong><br><strong> ongle sans limage avec Irina Dazzi (SUISSE)<\/strong><\/h3>\n\n\n<div class=\"wp-block-image\">\n<figure class=\"aligncenter size-large is-resized\"><img decoding=\"async\" src=\"https:\/\/nailsbyshinails.fr\/wp-content\/uploads\/maxresdefault-1024x576.jpg\" alt=\"\" class=\"wp-image-9992\" style=\"width:399px\"\/><\/figure>\n<\/div>\n\n\n<h3 class=\"wp-block-heading has-text-align-center\"><strong>Formation Forme Salon \u2013 nail Art Disney, <\/strong><br><strong>Fleurs avec Krisztina Ujvari (HONGRIE)<\/strong><\/h3>\n\n\n<div class=\"wp-block-image\">\n<figure class=\"aligncenter size-large is-resized\"><img decoding=\"async\" src=\"https:\/\/nailsbyshinails.fr\/wp-content\/uploads\/4997e73b7a533751c9562fdc4e675a0f-1024x1024.jpg\" alt=\"\" class=\"wp-image-9996\" style=\"width:281px\"\/><\/figure>\n<\/div>\n\n\n<h3 class=\"wp-block-heading has-text-align-center\"><strong>Formation nail art fleurs avec Norka (HONGRIE)<\/strong><\/h3>\n\n\n<div class=\"wp-block-image\">\n<figure class=\"aligncenter size-large is-resized\"><img decoding=\"async\" src=\"https:\/\/nailsbyshinails.fr\/wp-content\/uploads\/shutterstock_1944653491-min-scaled-1-1024x683.webp\" alt=\"\" class=\"wp-image-9998\" style=\"width:399px\"\/><\/figure>\n<\/div>\n\n\n<h3 class=\"wp-block-heading has-text-align-center\"><strong>Formation One stroke niveau 1 et 2\u00a0 <\/strong><br><strong>avec Delphine Derh\u00e9 Spoor (FRANCE)<\/strong><\/h3>\n\n\n<div class=\"wp-block-image\">\n<figure class=\"aligncenter size-large is-resized\"><img decoding=\"async\" src=\"https:\/\/nailsbyshinails.fr\/wp-content\/uploads\/20191103_155746-1024x565.jpg\" alt=\"\" class=\"wp-image-9999\" style=\"width:399px\"\/><\/figure>\n<\/div>\n\n\n<h3 class=\"wp-block-heading has-text-align-center\"><strong>Formation nail art Disney, fleurs avec Svetlana Baklanova (RUSSIE)<\/strong><\/h3>\n\n\n<div class=\"wp-block-image\">\n<figure class=\"aligncenter size-full is-resized\"><img decoding=\"async\" src=\"https:\/\/nailsbyshinails.fr\/wp-content\/uploads\/d4a6c1e8544b673214d56b75a96e8db4.jpg\" alt=\"\" class=\"wp-image-10000\" style=\"width:399px\"\/><\/figure>\n<\/div>\n\n\n<h3 class=\"wp-block-heading has-text-align-center\"><strong>Formation fleur 3D r\u00e9sine avec Delphine Derh\u00e9 Spoor (FRANCE)<\/strong><\/h3>\n\n\n<div class=\"wp-block-image\">\n<figure class=\"aligncenter size-large is-resized\"><img decoding=\"async\" src=\"https:\/\/nailsbyshinails.fr\/wp-content\/uploads\/20190904_080706-1024x658.jpg\" alt=\"\" class=\"wp-image-10001\" style=\"width:399px\"\/><\/figure>\n<\/div>\n\n\n<h3 class=\"wp-block-heading has-text-align-center\"><strong>Formation romantic avec Barbara Ujvari (HONGRIE)<\/strong><\/h3>\n\n\n<div class=\"wp-block-image\">\n<figure class=\"aligncenter size-large is-resized\"><img decoding=\"async\" src=\"https:\/\/nailsbyshinails.fr\/wp-content\/uploads\/459639507_1030609641851974_3530429567800684138_n-1024x1024.jpg\" alt=\"\" class=\"wp-image-10003\" style=\"width:399px\"\/><\/figure>\n<\/div>\n\n\n<h3 class=\"wp-block-heading has-text-align-center\"><strong>Formation forme extr\u00eame avec Mariann Molnar (HONGRIE)<\/strong><\/h3>\n\n\n\n<h3 class=\"wp-block-heading has-text-align-center\"><strong>Formation manucure combin\u00e9e avec Ksenia Viktoria (RUSSIE)<\/strong><\/h3>\n\n\n\n<h3 class=\"wp-block-heading has-text-align-center\"><strong>Formation forme extr\u00eame avec Ksenia Viktoria (RUSSIE)<\/strong><\/h3>\n\n\n\n<h3 class=\"wp-block-heading has-text-align-center\"><strong>Formation fleurs avec KKSP (HONGRIE)<\/strong><\/h3>\n\n\n\n<p style=\"color: #000000; font-size: 16px; text-align: center; margin-left: 50px; margin-right: 50px;\">\n   <strong>\n      On m\u2019a toujours dit de faire des formations chaque ann\u00e9e, pour voir d\u2019autres techniques, d\u2019autres astuces, prendre ce qui est bon \u00e0 prendre. Je vous assure qu\u2019il y a vraiment plein de choses \u00e0 prendre ! \n      <br><br>\n      Tous les enseignements que j\u2019ai acquis depuis ces ann\u00e9es, m\u2019ont donn\u00e9 envie de transmettre ce savoir car je suis une r\u00e9elle passionn\u00e9e du monde des ongles. \n      <br><br>\n      Depuis 2018, je suis formatrice agr\u00e9\u00e9e \u00e0 la DIRECCTE, j\u2019organise beaucoup de sessions de formation \u00e0 l\u2019institut, sur Paris et avec des formatrices internationales \u00e9galement, vous pourrez les voir sur le site, pour les inscriptions futures quand celles-ci seront programm\u00e9es.\n      <br><br>\n      En 2021, le monde num\u00e9rique \u00e9volue, j\u2019ai fait ma cha\u00eene YouTube et j\u2019ai eu envie de faire un site pour les cours en ligne accessibles \u00e0 tous.\n      <br><br>\n      Elodie.\n   <\/strong>\n<\/p>\n\n\n\n\n<figure class=\"wp-block-embed is-type-video is-provider-youtube wp-block-embed-youtube wp-embed-aspect-16-9 wp-has-aspect-ratio\"><div class=\"wp-block-embed__wrapper\">\n<div class=\"jetpack-video-wrapper\"><iframe loading=\"lazy\" title=\"Pose am\u00e9ricaine avec une astuce rapidit\u00e9 \ud83e\udd2b #poseamericaine #ongles #nails #tutorielongles\" width=\"780\" height=\"439\" src=\"https:\/\/www.youtube.com\/embed\/hnbn0da7h6Q?feature=oembed\" frameborder=\"0\" allow=\"accelerometer; autoplay; clipboard-write; encrypted-media; gyroscope; picture-in-picture; web-share\" referrerpolicy=\"strict-origin-when-cross-origin\" allowfullscreen><\/iframe><\/div>\n<\/div><\/figure>\n\n\n\n<div style=\"height:100px\" aria-hidden=\"true\" class=\"wp-block-spacer\"><\/div>\n\n\n\n<p><\/p>\n","protected":false},"excerpt":{"rendered":"<p>Je suis Elodie, dipl\u00f4m\u00e9e proth\u00e9siste ongulaire depuis 2008 de l\u2019\u00e9cole Ema de Reims. J\u2019ai effectu\u00e9 &hellip; <\/p>\n","protected":false},"author":285,"featured_media":0,"parent":0,"menu_order":0,"comment_status":"closed","ping_status":"closed","template":"","meta":{"footnotes":""},"class_list":["post-9936","page","type-page","status-publish","hentry","latest_post"],"jetpack_sharing_enabled":true,"_links":{"self":[{"href":"https:\/\/nailsbyshinails.fr\/index.php?rest_route=\/wp\/v2\/pages\/9936","targetHints":{"allow":["GET"]}}],"collection":[{"href":"https:\/\/nailsbyshinails.fr\/index.php?rest_route=\/wp\/v2\/pages"}],"about":[{"href":"https:\/\/nailsbyshinails.fr\/index.php?rest_route=\/wp\/v2\/types\/page"}],"author":[{"embeddable":true,"href":"https:\/\/nailsbyshinails.fr\/index.php?rest_route=\/wp\/v2\/users\/285"}],"replies":[{"embeddable":true,"href":"https:\/\/nailsbyshinails.fr\/index.php?rest_route=%2Fwp%2Fv2%2Fcomments&post=9936"}],"version-history":[{"count":2,"href":"https:\/\/nailsbyshinails.fr\/index.php?rest_route=\/wp\/v2\/pages\/9936\/revisions"}],"predecessor-version":[{"id":13014,"href":"https:\/\/nailsbyshinails.fr\/index.php?rest_route=\/wp\/v2\/pages\/9936\/revisions\/13014"}],"wp:attachment":[{"href":"https:\/\/nailsbyshinails.fr\/index.php?rest_route=%2Fwp%2Fv2%2Fmedia&parent=9936"}],"curies":[{"name":"wp","href":"https:\/\/api.w.org\/{rel}","templated":true}]}}